{"id":9,"date":"2016-03-02T11:01:35","date_gmt":"2016-03-02T10:01:35","guid":{"rendered":"http:\/\/www.benten.name\/wordpress\/fotoakt\/?page_id=9"},"modified":"2016-03-02T14:05:13","modified_gmt":"2016-03-02T13:05:13","slug":"about","status":"publish","type":"page","link":"https:\/\/www.benten.name\/wordpress\/fotoakt\/about\/","title":{"rendered":"About"},"content":{"rendered":"<p><img loading=\"lazy\" decoding=\"async\" class=\"attachment-266x266 alignright\" src=\"http:\/\/www.benten.name\/wordpress\/fotoakt\/wp-content\/uploads\/sites\/2\/2016\/03\/profile_3aD7cKUZJkV0mMp.jpg\" alt=\"profile\" width=\"87\" height=\"131\" \/><\/p>\n<p>&nbsp;<\/p>\n<p>\u00dcber mich<\/p>\n<p>Menschen inspirieren mich. Es wird ein enormes Vertrauen gegeben, wenn jemand Modell steht, und daraus entsteht eine interessante Unterhaltung: Ich lerne bei jedem Fotoshooting etwas neues. Bilder, die ich mag, versuchen oft zu zeigen, was verborgen ist. Jedes gute Foto, das ich sehe, inspiriert mich, oder besser, es erinnert mich daran, mehr zu fotografieren.<\/p>\n<p>Ich fotografiere nackte Menschen.\u00a0Der Akt bedeutet in der Kunst meist einen Stil, in dem Licht, Pose, Regie gemeinsam darauf zielen, eine idealisierte Sch\u00f6nheit der menschlichen Form abzubilden. Es geht um den Blick, nicht um das Subjekt.\u00a0Wichtiger als technische F\u00e4higkeiten ist das Vertrauen f\u00fcr ein gutes Portr\u00e4t. Dies ist die Grundlage meiner Arbeit.<\/p>\n<p>Meine erste\u00a0Kamera war eine uralte 6&#215;6 Daci-Blech-Boxkamera, die ich im Alter von vielleicht 5 Jahren von Nachbarn geschenkt bekam, als ich zum ersten mal weit weg von zuhause zur Kinderkur in den Taunus verreiste. Ich kann mich an genau *ein* Bild erinnern, auf dem unscharf etwas zu erkennen war; trotzdem hat mich das Fotofieber damals gepackt. W\u00e4hrend der Schulzeit dann unz\u00e4hlige Canon (AE1, A1, AF1, F1), die im Laufe der Zeit immer wieder auf Reisen geklaut wurden oder verloren gingen. Nach berufsbedingter Unterbrechung (keine Zeit mehr f\u00fcr stundenlange Dunkelkammer-Sessions) hab ich inzwischen dank digitaler Technik zur\u00fcckgefunden zu meinem \u00e4ltesten Hobby.<\/p>\n<p>Ich fotografiere nichtkommerziell, d.h. nur zum Vergn\u00fcgen. Und eigentlich nur Menschen (was anderes kann ich auch nicht). Meine Modelle sind keine &#8222;Models&#8220;, sondern ganz normale Menschen, die in fast allen F\u00e4llen zum allerersten Mal Modell stehen und meist keinerlei Modellkarriere anstreben. Wer von mir fotografiert werden m\u00f6chte, kann dies auf der Basis von Modellstehen tun, was eine Ver\u00f6ffentlichung der Ergebnisse einschliesst. Eine Kontaktm\u00f6glichkeit findet sich auf dieser Seite.<\/p>\n","protected":false},"excerpt":{"rendered":"<p>&nbsp; \u00dcber mich Menschen inspirieren mich. Es wird ein enormes Vertrauen gegeben, wenn jemand Modell steht, und daraus entsteht eine interessante Unterhaltung: Ich lerne bei jedem Fotoshooting etwas neues. Bilder, die ich mag, versuchen oft zu zeigen, was verborgen ist. Jedes gute Foto, das ich sehe, inspiriert mich, oder besser, es erinnert mich daran, mehr zu fotografieren. Ich fotografiere nackte&hellip; <\/p>\n<p><a class=\"more-link\" href=\"https:\/\/www.benten.name\/wordpress\/fotoakt\/about\/\">Continue reading <span class=\"meta-nav\">&rarr;<\/span><\/a><\/p>\n","protected":false},"author":1,"featured_media":252,"parent":0,"menu_order":0,"comment_status":"closed","ping_status":"closed","template":"","meta":{"ngg_post_thumbnail":0,"footnotes":""},"class_list":["post-9","page","type-page","status-publish","has-post-thumbnail","hentry","xfolkentry","clearfix"],"_links":{"self":[{"href":"https:\/\/www.benten.name\/wordpress\/fotoakt\/wp-json\/wp\/v2\/pages\/9","targetHints":{"allow":["GET"]}}],"collection":[{"href":"https:\/\/www.benten.name\/wordpress\/fotoakt\/wp-json\/wp\/v2\/pages"}],"about":[{"href":"https:\/\/www.benten.name\/wordpress\/fotoakt\/wp-json\/wp\/v2\/types\/page"}],"author":[{"embeddable":true,"href":"https:\/\/www.benten.name\/wordpress\/fotoakt\/wp-json\/wp\/v2\/users\/1"}],"replies":[{"embeddable":true,"href":"https:\/\/www.benten.name\/wordpress\/fotoakt\/wp-json\/wp\/v2\/comments?post=9"}],"version-history":[{"count":7,"href":"https:\/\/www.benten.name\/wordpress\/fotoakt\/wp-json\/wp\/v2\/pages\/9\/revisions"}],"predecessor-version":[{"id":259,"href":"https:\/\/www.benten.name\/wordpress\/fotoakt\/wp-json\/wp\/v2\/pages\/9\/revisions\/259"}],"wp:featuredmedia":[{"embeddable":true,"href":"https:\/\/www.benten.name\/wordpress\/fotoakt\/wp-json\/wp\/v2\/media\/252"}],"wp:attachment":[{"href":"https:\/\/www.benten.name\/wordpress\/fotoakt\/wp-json\/wp\/v2\/media?parent=9"}],"curies":[{"name":"wp","href":"https:\/\/api.w.org\/{rel}","templated":true}]}}